{"id":66,"date":"2024-01-11T11:32:27","date_gmt":"2024-01-11T10:32:27","guid":{"rendered":"https:\/\/leo-photos.fr\/?page_id=66"},"modified":"2025-01-02T10:25:34","modified_gmt":"2025-01-02T09:25:34","slug":"drone","status":"publish","type":"page","link":"https:\/\/leo-photos.fr\/index.php\/drone\/","title":{"rendered":"Drone"},"content":{"rendered":"\n<p><strong>D\u00e9couvrez de nouveaux horizons gr\u00e2ce \u00e0 des photos prises par drone ! \ud83d\ude81\u2728<\/strong><br><strong>Offrez \u00e0 votre entreprise<\/strong> une vision unique avec des perspectives a\u00e9riennes impressionnantes, une pr\u00e9cision remarquable et <strong>une cr\u00e9ativit\u00e9 captivante<\/strong>. \ud83d\udcf8\u2728<br><br>avantages :<br>\u00b7&nbsp;&nbsp;&nbsp;&nbsp;&nbsp;&nbsp;&nbsp;Perspectives a\u00e9riennes \u00e0 couper le souffle.<br>\u00b7&nbsp;&nbsp;&nbsp;&nbsp;&nbsp;&nbsp;&nbsp;D\u00e9tails nets et pr\u00e9cis.<br>\u00b7&nbsp;&nbsp;&nbsp;&nbsp;&nbsp;&nbsp;&nbsp;Mise en sc\u00e8ne cr\u00e9ative pour un marketing percutant.<br>\u00b7&nbsp;&nbsp;&nbsp;&nbsp;&nbsp;&nbsp;&nbsp;Un moyen moderne et innovant de se d\u00e9marquer.<br><br>L\u2019utilisation de la&nbsp;photographie par&nbsp;drone&nbsp;est <strong>particuli\u00e8rement adapt\u00e9e<\/strong> aux suivis de chantiers (B\u00e2timent, travaux publics, ouvrage d\u2019art\u2026) mais aussi en photographie <strong>immobili\u00e8re <\/strong>et d\u2019<strong>architecture<\/strong> ainsi qu&rsquo;en photo <strong>reportage <\/strong>d\u2019entreprise ou en photographie <strong>\u00e9v\u00e8nementielle<\/strong>.<br><\/p>\n\n\n\n<figure class=\"wp-block-gallery has-nested-images columns-default is-cropped wp-block-gallery-1 is-layout-flex wp-block-gallery-is-layout-flex\">\n<figure class=\"wp-block-image size-large is-style-rounded\"><img loading=\"lazy\" decoding=\"async\" width=\"1024\" height=\"768\" data-id=\"67\" src=\"https:\/\/leo-photos.fr\/wp-content\/uploads\/2024\/01\/drone-ent-2-1024x768.jpg\" alt=\"\" class=\"wp-image-67\" srcset=\"https:\/\/leo-photos.fr\/wp-content\/uploads\/2024\/01\/drone-ent-2-1024x768.jpg 1024w, https:\/\/leo-photos.fr\/wp-content\/uploads\/2024\/01\/drone-ent-2-300x225.jpg 300w, https:\/\/leo-photos.fr\/wp-content\/uploads\/2024\/01\/drone-ent-2-768x576.jpg 768w, https:\/\/leo-photos.fr\/wp-content\/uploads\/2024\/01\/drone-ent-2-1536x1152.jpg 1536w, https:\/\/leo-photos.fr\/wp-content\/uploads\/2024\/01\/drone-ent-2-2048x1536.jpg 2048w\" sizes=\"auto, (max-width: 1024px) 100vw, 1024px\" \/><\/figure>\n<\/figure>\n\n\n\n<figure class=\"wp-block-gallery has-nested-images columns-default is-cropped wp-block-gallery-2 is-layout-flex wp-block-gallery-is-layout-flex\">\n<figure class=\"wp-block-image size-large is-style-rounded\"><img loading=\"lazy\" decoding=\"async\" width=\"1024\" height=\"768\" data-id=\"68\" src=\"https:\/\/leo-photos.fr\/wp-content\/uploads\/2024\/01\/Ph-19-1024x768.jpg\" alt=\"\" class=\"wp-image-68\" srcset=\"https:\/\/leo-photos.fr\/wp-content\/uploads\/2024\/01\/Ph-19-1024x768.jpg 1024w, https:\/\/leo-photos.fr\/wp-content\/uploads\/2024\/01\/Ph-19-300x225.jpg 300w, https:\/\/leo-photos.fr\/wp-content\/uploads\/2024\/01\/Ph-19-768x576.jpg 768w, https:\/\/leo-photos.fr\/wp-content\/uploads\/2024\/01\/Ph-19-1536x1152.jpg 1536w, https:\/\/leo-photos.fr\/wp-content\/uploads\/2024\/01\/Ph-19-2048x1536.jpg 2048w\" sizes=\"auto, (max-width: 1024px) 100vw, 1024px\" \/><\/figure>\n<\/figure>\n\n\n\n<figure class=\"wp-block-gallery has-nested-images columns-default is-cropped wp-block-gallery-3 is-layout-flex wp-block-gallery-is-layout-flex\">\n<figure class=\"wp-block-image size-large is-style-rounded\"><img loading=\"lazy\" decoding=\"async\" width=\"1024\" height=\"768\" data-id=\"69\" src=\"https:\/\/leo-photos.fr\/wp-content\/uploads\/2024\/01\/drone-ent-6-1024x768.jpg\" alt=\"\" class=\"wp-image-69\" srcset=\"https:\/\/leo-photos.fr\/wp-content\/uploads\/2024\/01\/drone-ent-6-1024x768.jpg 1024w, https:\/\/leo-photos.fr\/wp-content\/uploads\/2024\/01\/drone-ent-6-300x225.jpg 300w, https:\/\/leo-photos.fr\/wp-content\/uploads\/2024\/01\/drone-ent-6-768x576.jpg 768w, https:\/\/leo-photos.fr\/wp-content\/uploads\/2024\/01\/drone-ent-6-1536x1152.jpg 1536w, https:\/\/leo-photos.fr\/wp-content\/uploads\/2024\/01\/drone-ent-6-2048x1536.jpg 2048w\" sizes=\"auto, (max-width: 1024px) 100vw, 1024px\" \/><\/figure>\n\n\n\n<figure class=\"wp-block-image size-large is-style-rounded\"><img loading=\"lazy\" decoding=\"async\" width=\"1024\" height=\"768\" data-id=\"316\" src=\"https:\/\/leo-photos.fr\/wp-content\/uploads\/2025\/01\/Ph-4-2-1024x768.jpg\" alt=\"\" class=\"wp-image-316\" srcset=\"https:\/\/leo-photos.fr\/wp-content\/uploads\/2025\/01\/Ph-4-2-1024x768.jpg 1024w, https:\/\/leo-photos.fr\/wp-content\/uploads\/2025\/01\/Ph-4-2-300x225.jpg 300w, https:\/\/leo-photos.fr\/wp-content\/uploads\/2025\/01\/Ph-4-2-768x576.jpg 768w, https:\/\/leo-photos.fr\/wp-content\/uploads\/2025\/01\/Ph-4-2-1536x1152.jpg 1536w, https:\/\/leo-photos.fr\/wp-content\/uploads\/2025\/01\/Ph-4-2-2048x1536.jpg 2048w\" sizes=\"auto, (max-width: 1024px) 100vw, 1024px\" \/><\/figure>\n<\/figure>\n\n\n\n<p class=\"has-text-align-center has-medium-font-size\"><strong>D\u00e9marquer de la concurrence au travers de&nbsp;visuels originaux et \u00e9tonnants.<br>Faites la diff\u00e9rence, contactez moi !<\/strong><\/p>\n\n\n\n<p><\/p>\n","protected":false},"excerpt":{"rendered":"<p>D\u00e9couvrez de nouveaux horizons gr\u00e2ce \u00e0 des photos prises par drone ! \ud83d\ude81\u2728Offrez \u00e0 votre entreprise une vision unique avec des perspectives a\u00e9riennes impressionnantes, une pr\u00e9cision remarquable et une cr\u00e9ativit\u00e9 captivante. \ud83d\udcf8\u2728 avantages :\u00b7&nbsp;&nbsp;&nbsp;&nbsp;&nbsp;&nbsp;&nbsp;Perspectives a\u00e9riennes \u00e0 couper le souffle.\u00b7&nbsp;&nbsp;&nbsp;&nbsp;&nbsp;&nbsp;&nbsp;D\u00e9tails nets et pr\u00e9cis.\u00b7&nbsp;&nbsp;&nbsp;&nbsp;&nbsp;&nbsp;&nbsp;Mise en sc\u00e8ne cr\u00e9ative pour un marketing percutant.\u00b7&nbsp;&nbsp;&nbsp;&nbsp;&nbsp;&nbsp;&nbsp;Un moyen moderne et innovant de se [&hellip;]<\/p>\n","protected":false},"author":1,"featured_media":0,"parent":0,"menu_order":4,"comment_status":"closed","ping_status":"closed","template":"","meta":{"footnotes":""},"class_list":["post-66","page","type-page","status-publish","hentry"],"_links":{"self":[{"href":"https:\/\/leo-photos.fr\/index.php\/wp-json\/wp\/v2\/pages\/66","targetHints":{"allow":["GET"]}}],"collection":[{"href":"https:\/\/leo-photos.fr\/index.php\/wp-json\/wp\/v2\/pages"}],"about":[{"href":"https:\/\/leo-photos.fr\/index.php\/wp-json\/wp\/v2\/types\/page"}],"author":[{"embeddable":true,"href":"https:\/\/leo-photos.fr\/index.php\/wp-json\/wp\/v2\/users\/1"}],"replies":[{"embeddable":true,"href":"https:\/\/leo-photos.fr\/index.php\/wp-json\/wp\/v2\/comments?post=66"}],"version-history":[{"count":6,"href":"https:\/\/leo-photos.fr\/index.php\/wp-json\/wp\/v2\/pages\/66\/revisions"}],"predecessor-version":[{"id":318,"href":"https:\/\/leo-photos.fr\/index.php\/wp-json\/wp\/v2\/pages\/66\/revisions\/318"}],"wp:attachment":[{"href":"https:\/\/leo-photos.fr\/index.php\/wp-json\/wp\/v2\/media?parent=66"}],"curies":[{"name":"wp","href":"https:\/\/api.w.org\/{rel}","templated":true}]}}