{"id":72,"date":"2024-01-11T11:44:07","date_gmt":"2024-01-11T10:44:07","guid":{"rendered":"https:\/\/leo-photos.fr\/?page_id=72"},"modified":"2025-01-02T10:16:32","modified_gmt":"2025-01-02T09:16:32","slug":"evenementiel-corporate","status":"publish","type":"page","link":"https:\/\/leo-photos.fr\/index.php\/evenementiel-corporate\/","title":{"rendered":"Ev\u00e8nementiel &#8211; Professionnel(s)"},"content":{"rendered":"\n<p class=\"has-medium-font-size\"><strong><em>Chaque moment compte : L&rsquo;importance cruciale d&rsquo;un photographe pour votre entreprise !<\/em><\/strong><\/p>\n\n\n\n<div class=\"wp-block-group is-nowrap is-layout-flex wp-container-core-group-is-layout-ad2f72ca wp-block-group-is-layout-flex\">\n<h3 class=\"wp-block-heading\"><strong>Ev\u00e8nementiel :<\/strong><\/h3>\n<\/div>\n\n\n\n<p><\/p>\n\n\n\n<p>Un \u00e9v\u00e9nement n&rsquo;est pas simplement un rassemblement; c&rsquo;est une narration vivante d&rsquo;exp\u00e9riences partag\u00e9es. Et qui de mieux pour capturer ces moments fugaces que votre photographe d\u00e9di\u00e9 ?<\/p>\n\n\n\n<ol class=\"wp-block-list\">\n<li><strong>Capture des moments cl\u00e9s<\/strong>: Des sourires radieux aux poign\u00e9es de main significatives, un photographe professionnel immortalise chaque instant cl\u00e9, ajoutant une dimension m\u00e9morable \u00e0 votre \u00e9v\u00e9nement.<\/li>\n\n\n\n<li><strong>Contenu visuel de qualit\u00e9<\/strong>: Les images de haute qualit\u00e9 cr\u00e9ent un impact durable. Elles servent non seulement \u00e0 documenter, mais aussi \u00e0 promouvoir votre c\u00e9l\u00e9bration bien au-del\u00e0 de la journ\u00e9e de l&rsquo;\u00e9v\u00e9nement.<\/li>\n\n\n\n<li><strong>Mise en valeur de l&rsquo;atmosph\u00e8re<\/strong>: Les photos ne sont pas seulement des images, ce sont des ambassadeurs de l&rsquo;ambiance de votre \u00e9v\u00e9nement. Elles capturent l&rsquo;\u00e9nergie, l&rsquo;excitation et l&rsquo;\u00e9motion, transformant les spectateurs en participants virtuels.<\/li>\n\n\n\n<li><strong>Souvenirs tangibles<\/strong>: Les \u00e9v\u00e9nements passent, mais les souvenirs restent. Un photographe comp\u00e9tent assure que vos moments pr\u00e9f\u00e9r\u00e9s sont pr\u00e9serv\u00e9s de mani\u00e8re artistique, cr\u00e9ant ainsi des souvenirs tangibles pour les participants et les organisateurs.<\/li>\n<\/ol>\n\n\n\n<p><strong>Engager un photographe professionnel n&rsquo;est pas seulement un choix, c&rsquo;est un investissement dans l&rsquo;exp\u00e9rience globale de votre \u00e9v\u00e9nement.<\/strong><\/p>\n\n\n\n<figure class=\"wp-block-gallery has-nested-images columns-default is-cropped wp-block-gallery-1 is-layout-flex wp-block-gallery-is-layout-flex\">\n<figure class=\"wp-block-image size-large is-style-rounded\"><img loading=\"lazy\" decoding=\"async\" width=\"1024\" height=\"683\" data-id=\"300\" src=\"https:\/\/leo-photos.fr\/wp-content\/uploads\/2025\/01\/Inaug-pole-sport-9-1024x683.jpg\" alt=\"\" class=\"wp-image-300\" srcset=\"https:\/\/leo-photos.fr\/wp-content\/uploads\/2025\/01\/Inaug-pole-sport-9-1024x683.jpg 1024w, https:\/\/leo-photos.fr\/wp-content\/uploads\/2025\/01\/Inaug-pole-sport-9-300x200.jpg 300w, https:\/\/leo-photos.fr\/wp-content\/uploads\/2025\/01\/Inaug-pole-sport-9-768x513.jpg 768w, https:\/\/leo-photos.fr\/wp-content\/uploads\/2025\/01\/Inaug-pole-sport-9-1536x1025.jpg 1536w, https:\/\/leo-photos.fr\/wp-content\/uploads\/2025\/01\/Inaug-pole-sport-9-2048x1367.jpg 2048w\" sizes=\"auto, (max-width: 1024px) 100vw, 1024px\" \/><\/figure>\n<\/figure>\n\n\n\n<figure class=\"wp-block-gallery has-nested-images columns-default is-cropped wp-block-gallery-2 is-layout-flex wp-block-gallery-is-layout-flex\">\n<figure class=\"wp-block-image size-large is-style-rounded\"><img loading=\"lazy\" decoding=\"async\" width=\"1024\" height=\"683\" data-id=\"306\" src=\"https:\/\/leo-photos.fr\/wp-content\/uploads\/2025\/01\/Ph-46-1024x683.jpg\" alt=\"\" class=\"wp-image-306\" srcset=\"https:\/\/leo-photos.fr\/wp-content\/uploads\/2025\/01\/Ph-46-1024x683.jpg 1024w, https:\/\/leo-photos.fr\/wp-content\/uploads\/2025\/01\/Ph-46-300x200.jpg 300w, https:\/\/leo-photos.fr\/wp-content\/uploads\/2025\/01\/Ph-46-768x513.jpg 768w, https:\/\/leo-photos.fr\/wp-content\/uploads\/2025\/01\/Ph-46-1536x1025.jpg 1536w, https:\/\/leo-photos.fr\/wp-content\/uploads\/2025\/01\/Ph-46-2048x1367.jpg 2048w\" sizes=\"auto, (max-width: 1024px) 100vw, 1024px\" \/><\/figure>\n<\/figure>\n\n\n\n<p class=\"has-text-align-center has-medium-font-size\"><\/p>\n\n\n\n<h3 class=\"wp-block-heading\"><strong>Professionnels :<\/strong><\/h3>\n\n\n\n<p>je mets mon expertise \u00e0 votre service pour vous aider \u00e0 valoriser votre entreprise, votre image de marque et vos produits \u00e0 travers des photographies de qualit\u00e9. Que vous soyez une entreprise, une marque ou un professionnel ind\u00e9pendant, je vous propose des solutions personnalis\u00e9es pour vous aider \u00e0 vous d\u00e9marquer visuellement et \u00e0 capter l&rsquo;attention de vos clients.<\/p>\n\n\n\n<p><strong>1. Photographie de Produit :<\/strong><br>Des images de haute qualit\u00e9 sont essentielles pour mettre en avant vos produits, que ce soit pour votre site web, vos catalogues, vos publicit\u00e9s ou vos r\u00e9seaux sociaux. Je vous propose des shootings sur mesure qui subliment vos produits en capturant leurs d\u00e9tails et en cr\u00e9ant une ambiance visuelle qui refl\u00e8te leur qualit\u00e9 et leur caract\u00e8re.<\/p>\n\n\n\n<p><strong>2. Portraits Professionnels, <strong>Institutionnelle et Corporate<\/strong> :<\/strong><br>Un portrait soign\u00e9 et authentique renforce votre image de marque et cr\u00e9e une connexion avec vos clients. Que ce soit pour des photos de dirigeants, de vos \u00e9quipes ou des portraits pour des profils professionnels, je vous aide \u00e0 obtenir des images qui refl\u00e8tent \u00e0 la fois votre professionnalisme et votre personnalit\u00e9. <\/p>\n\n\n\n<p><strong>3. Photographie pour Supports Publicitaires :<\/strong><br>Des images percutantes sont essentielles pour toute campagne publicitaire r\u00e9ussie. Je cr\u00e9e des visuels attractifs, modernes et impactants qui mettront en valeur vos produits, services ou \u00e9v\u00e9nements sur diff\u00e9rents supports (affiches, brochures, banni\u00e8res, publicit\u00e9s en ligne, etc.).<\/p>\n\n\n\n<figure class=\"wp-block-image size-large is-style-rounded\"><img loading=\"lazy\" decoding=\"async\" width=\"1024\" height=\"683\" src=\"https:\/\/leo-photos.fr\/wp-content\/uploads\/2025\/01\/Biere-Loups-2-1024x683.jpg\" alt=\"\" class=\"wp-image-307\" srcset=\"https:\/\/leo-photos.fr\/wp-content\/uploads\/2025\/01\/Biere-Loups-2-1024x683.jpg 1024w, https:\/\/leo-photos.fr\/wp-content\/uploads\/2025\/01\/Biere-Loups-2-300x200.jpg 300w, https:\/\/leo-photos.fr\/wp-content\/uploads\/2025\/01\/Biere-Loups-2-768x513.jpg 768w, https:\/\/leo-photos.fr\/wp-content\/uploads\/2025\/01\/Biere-Loups-2-1536x1025.jpg 1536w, https:\/\/leo-photos.fr\/wp-content\/uploads\/2025\/01\/Biere-Loups-2-2048x1367.jpg 2048w\" sizes=\"auto, (max-width: 1024px) 100vw, 1024px\" \/><\/figure>\n\n\n\n<p><\/p>\n\n\n\n<figure class=\"wp-block-gallery has-nested-images columns-default is-cropped wp-block-gallery-3 is-layout-flex wp-block-gallery-is-layout-flex\">\n<figure class=\"wp-block-image size-large\"><img loading=\"lazy\" decoding=\"async\" width=\"683\" height=\"1024\" data-id=\"309\" src=\"https:\/\/leo-photos.fr\/wp-content\/uploads\/2025\/01\/Ph-4-1-683x1024.jpg\" alt=\"\" class=\"wp-image-309\" srcset=\"https:\/\/leo-photos.fr\/wp-content\/uploads\/2025\/01\/Ph-4-1-683x1024.jpg 683w, https:\/\/leo-photos.fr\/wp-content\/uploads\/2025\/01\/Ph-4-1-200x300.jpg 200w, https:\/\/leo-photos.fr\/wp-content\/uploads\/2025\/01\/Ph-4-1-768x1151.jpg 768w, https:\/\/leo-photos.fr\/wp-content\/uploads\/2025\/01\/Ph-4-1-1025x1536.jpg 1025w, https:\/\/leo-photos.fr\/wp-content\/uploads\/2025\/01\/Ph-4-1-1367x2048.jpg 1367w, https:\/\/leo-photos.fr\/wp-content\/uploads\/2025\/01\/Ph-4-1-scaled.jpg 1708w\" sizes=\"auto, (max-width: 683px) 100vw, 683px\" \/><\/figure>\n\n\n\n<figure class=\"wp-block-image size-large\"><img loading=\"lazy\" decoding=\"async\" width=\"683\" height=\"1024\" data-id=\"311\" src=\"https:\/\/leo-photos.fr\/wp-content\/uploads\/2025\/01\/GB-La-verte-683x1024.jpg\" alt=\"\" class=\"wp-image-311\" srcset=\"https:\/\/leo-photos.fr\/wp-content\/uploads\/2025\/01\/GB-La-verte-683x1024.jpg 683w, https:\/\/leo-photos.fr\/wp-content\/uploads\/2025\/01\/GB-La-verte-200x300.jpg 200w, https:\/\/leo-photos.fr\/wp-content\/uploads\/2025\/01\/GB-La-verte-768x1151.jpg 768w, https:\/\/leo-photos.fr\/wp-content\/uploads\/2025\/01\/GB-La-verte-1025x1536.jpg 1025w, https:\/\/leo-photos.fr\/wp-content\/uploads\/2025\/01\/GB-La-verte-1367x2048.jpg 1367w, https:\/\/leo-photos.fr\/wp-content\/uploads\/2025\/01\/GB-La-verte.jpg 1655w\" sizes=\"auto, (max-width: 683px) 100vw, 683px\" \/><\/figure>\n\n\n\n<figure class=\"wp-block-image size-large\"><img loading=\"lazy\" decoding=\"async\" width=\"684\" height=\"1024\" data-id=\"308\" src=\"https:\/\/leo-photos.fr\/wp-content\/uploads\/2025\/01\/Ph-24-684x1024.jpg\" alt=\"\" class=\"wp-image-308\" srcset=\"https:\/\/leo-photos.fr\/wp-content\/uploads\/2025\/01\/Ph-24-684x1024.jpg 684w, https:\/\/leo-photos.fr\/wp-content\/uploads\/2025\/01\/Ph-24-200x300.jpg 200w, https:\/\/leo-photos.fr\/wp-content\/uploads\/2025\/01\/Ph-24-768x1151.jpg 768w, https:\/\/leo-photos.fr\/wp-content\/uploads\/2025\/01\/Ph-24-1025x1536.jpg 1025w, https:\/\/leo-photos.fr\/wp-content\/uploads\/2025\/01\/Ph-24-1367x2048.jpg 1367w, https:\/\/leo-photos.fr\/wp-content\/uploads\/2025\/01\/Ph-24-scaled.jpg 1709w\" sizes=\"auto, (max-width: 684px) 100vw, 684px\" \/><\/figure>\n<\/figure>\n\n\n\n<p class=\"has-text-align-center has-medium-font-size\"><strong>N&rsquo;h\u00e9sitez pas \u00e0 me contacter et me faire parvenir un maximum d\u2019informations pour recevoir le d\u00e9tail de mes tarifs et un devis personnalis\u00e9<\/strong><\/p>\n\n\n\n<p class=\"has-text-align-center\"><\/p>\n\n\n\n<p><\/p>\n","protected":false},"excerpt":{"rendered":"<p>Chaque moment compte : L&rsquo;importance cruciale d&rsquo;un photographe pour votre entreprise ! Ev\u00e8nementiel : Un \u00e9v\u00e9nement n&rsquo;est pas simplement un rassemblement; c&rsquo;est une narration vivante d&rsquo;exp\u00e9riences partag\u00e9es. Et qui de mieux pour capturer ces moments fugaces que votre photographe d\u00e9di\u00e9 ? Engager un photographe professionnel n&rsquo;est pas seulement un choix, c&rsquo;est un investissement dans l&rsquo;exp\u00e9rience [&hellip;]<\/p>\n","protected":false},"author":1,"featured_media":0,"parent":0,"menu_order":5,"comment_status":"closed","ping_status":"closed","template":"","meta":{"footnotes":""},"class_list":["post-72","page","type-page","status-publish","hentry"],"_links":{"self":[{"href":"https:\/\/leo-photos.fr\/index.php\/wp-json\/wp\/v2\/pages\/72","targetHints":{"allow":["GET"]}}],"collection":[{"href":"https:\/\/leo-photos.fr\/index.php\/wp-json\/wp\/v2\/pages"}],"about":[{"href":"https:\/\/leo-photos.fr\/index.php\/wp-json\/wp\/v2\/types\/page"}],"author":[{"embeddable":true,"href":"https:\/\/leo-photos.fr\/index.php\/wp-json\/wp\/v2\/users\/1"}],"replies":[{"embeddable":true,"href":"https:\/\/leo-photos.fr\/index.php\/wp-json\/wp\/v2\/comments?post=72"}],"version-history":[{"count":11,"href":"https:\/\/leo-photos.fr\/index.php\/wp-json\/wp\/v2\/pages\/72\/revisions"}],"predecessor-version":[{"id":314,"href":"https:\/\/leo-photos.fr\/index.php\/wp-json\/wp\/v2\/pages\/72\/revisions\/314"}],"wp:attachment":[{"href":"https:\/\/leo-photos.fr\/index.php\/wp-json\/wp\/v2\/media?parent=72"}],"curies":[{"name":"wp","href":"https:\/\/api.w.org\/{rel}","templated":true}]}}